{"id":4413,"date":"2019-07-01T21:49:19","date_gmt":"2019-07-01T21:49:19","guid":{"rendered":"https:\/\/southbaysurfschool.pt\/wp\/?page_id=4413"},"modified":"2024-06-03T09:36:49","modified_gmt":"2024-06-03T09:36:49","slug":"home-page-2","status":"publish","type":"page","link":"https:\/\/southbaysurfschool.pt\/wp\/","title":{"rendered":"Home Page"},"content":{"rendered":"<div class=\"wpb-content-wrapper\">[vc_row full_width=&#8221;stretch_row&#8221; parallax=&#8221;content-moving&#8221; column_separator_row=&#8221;&#8221; masked_row=&#8221;&#8221; css=&#8221;.vc_custom_1562018417852{margin-top: -120px !important;padding-top: 150px !important;padding-bottom: 150px !important;background: #eaeaea url(https:\/\/southbaysurfschool.pt\/wp\/wp-content\/uploads\/2019\/06\/surfff2.jpg?id=4408);background-position:center;background-repeat:-repeat;background-size:cover;}&#8221;][vc_column][vc_custom_heading text=&#8221;South Bay Surf School&#8221; font_container=&#8221;tag:h1|font_size:60|text_align:left|color:%23ffffff&#8221; use_theme_fonts=&#8221;yes&#8221;][vc_column_text css=&#8221;.vc_custom_1674056122418{margin-top: 85px !important;margin-bottom: 85px !important;}&#8221;]\n<h5><\/h5>\n<div class=\"row\">\n<h5 class=\"span6\" style=\"text-align: left;\"><span style=\"color: #ffffff;\">Somos altamente apologistas do lema qualidade acima de quantidade, para uma boa e divertida aprendizagem. Situada na Costa da Caparica, tamb\u00e9m conhecida como margem sul do rio Tejo, ou como muitos lhe chamam \u201ca margem certa\u201d do rio, junta-te a n\u00f3s e vem descobrir esta experi\u00eancia \u00fanica que \u00e9 o Surf.<\/span><\/h5>\n<div class=\"span6\"><\/div>\n<\/div>\n<div class=\"row\">\n<div class=\"span6\"><\/div>\n<div class=\"span6\"><\/div>\n<\/div>\n[\/vc_column_text][vc_btn title=&#8221;MARCA J\u00c1!&#8221; style=&#8221;3d&#8221; size=&#8221;lg&#8221; align=&#8221;left&#8221; i_icon_fontawesome=&#8221;&#8221; css=&#8221;&#8221; add_icon=&#8221;true&#8221; link=&#8221;url:https%3A%2F%2Fwww.regysurf.com%2Fadmin2%2Fmodulos%2Fcrm%2Fsite_integrations%2Faula_experimental.php%3Fid_box%3D1007%26id_int%3D1%26acs%3D487881fc725628f8dfefb70db1689772%26lang%3Dpt%26site%3Dn|title:Quero%20Surfar||&#8221;][\/vc_column][\/vc_row][vc_row][vc_column][vc_column_text css=&#8221;.vc_custom_1562018931849{margin-top: 30px !important;margin-bottom: 30px !important;}&#8221;]\n<h2>As Nossas Actividades<\/h2>\n[\/vc_column_text][vc_column_text css=&#8221;.vc_custom_1562018963676{margin-bottom: 20px !important;}&#8221;]<span class=\"s1\">Na South Bay Surf School desenvolvemos uma variedade de atividades&nbsp; para todo o tipo de surfistas: desde atletas de competi\u00e7\u00e3o a iniciados, crian\u00e7as, turistas, fam\u00edlias ou simplesmente quem procura uma experi\u00eancia nova e diferente. Acreditamos na qualidade acima de quantidade, como tal trabalhamos para oferecer sempre o melhor feedback poss\u00edvel. Vem conhecer o que temos para te oferecer e vem surfar conosco!&nbsp;<\/span>[\/vc_column_text]<div class=\"gt3_practice_list\"><div class=\"gt3_practice_list__posts-container row \"><article class=\"gt3_practice_list__item span4 item_21\"><div class=\"gt3_practice_list__image-holder\"><a href=\"https:\/\/southbaysurfschool.pt\/wp\/practice\/clinicas-surf\/\" class=\"gt3_practice_list__image_link\"><\/a><\/div><div class=\"gt3_practice_list__content\"><h4 class=\"gt3_practice_list__title\">Cl\u00ednicas de Surf (A.T.L)<\/h4><a href=\"https:\/\/southbaysurfschool.pt\/wp\/practice\/clinicas-surf\/\" class=\"gt3_practice_list__link learn_more\">Learn More<span><\/span><\/a><\/div><\/article><article class=\"gt3_practice_list__item span4 item_21\"><div class=\"gt3_practice_list__image-holder\"><a href=\"https:\/\/southbaysurfschool.pt\/wp\/practice\/surf-trips\/\" class=\"gt3_practice_list__image_link\"><img decoding=\"async\"  src=\"https:\/\/southbaysurfschool.pt\/wp\/wp-content\/uploads\/2018\/05\/captura-de-tela-2018-11-29-as-14-33-24-2-780x592.png\" alt=\"\" \/><\/a><\/div><div class=\"gt3_practice_list__content\"><h4 class=\"gt3_practice_list__title\">Surf Trips<\/h4><a href=\"https:\/\/southbaysurfschool.pt\/wp\/practice\/surf-trips\/\" class=\"gt3_practice_list__link learn_more\">Learn More<span><\/span><\/a><\/div><\/article><article class=\"gt3_practice_list__item span4 item_21\"><div class=\"gt3_practice_list__image-holder\"><a href=\"https:\/\/southbaysurfschool.pt\/wp\/practice\/formacao\/\" class=\"gt3_practice_list__image_link\"><img decoding=\"async\"  src=\"https:\/\/southbaysurfschool.pt\/wp\/wp-content\/uploads\/2018\/12\/IMG_20181201_113347-e1544445323595-780x592.jpg\" alt=\"\" \/><\/a><\/div><div class=\"gt3_practice_list__content\"><h4 class=\"gt3_practice_list__title\">Forma\u00e7\u00e3o<\/h4><a href=\"https:\/\/southbaysurfschool.pt\/wp\/practice\/formacao\/\" class=\"gt3_practice_list__link learn_more\">Learn More<span><\/span><\/a><\/div><\/article><article class=\"gt3_practice_list__item span4 item_21\"><div class=\"gt3_practice_list__image-holder\"><a href=\"https:\/\/southbaysurfschool.pt\/wp\/practice\/private-lessons\/\" class=\"gt3_practice_list__image_link\"><img decoding=\"async\"  src=\"https:\/\/southbaysurfschool.pt\/wp\/wp-content\/uploads\/2018\/05\/IMG_1415-780x592.jpg\" alt=\"\" \/><\/a><\/div><div class=\"gt3_practice_list__content\"><h4 class=\"gt3_practice_list__title\">Aulas Privadas<\/h4><a href=\"https:\/\/southbaysurfschool.pt\/wp\/practice\/private-lessons\/\" class=\"gt3_practice_list__link learn_more\">Learn More<span><\/span><\/a><\/div><\/article><article class=\"gt3_practice_list__item span4 item_21\"><div class=\"gt3_practice_list__image-holder\"><a href=\"https:\/\/southbaysurfschool.pt\/wp\/practice\/aulas-iniciados\/\" class=\"gt3_practice_list__image_link\"><img decoding=\"async\"  src=\"https:\/\/southbaysurfschool.pt\/wp\/wp-content\/uploads\/2017\/05\/IMG_1438-780x592.jpg\" alt=\"\" \/><\/a><\/div><div class=\"gt3_practice_list__content\"><h4 class=\"gt3_practice_list__title\">Aulas de Inicia\u00e7\u00e3o<\/h4><a href=\"https:\/\/southbaysurfschool.pt\/wp\/practice\/aulas-iniciados\/\" class=\"gt3_practice_list__link learn_more\">Learn More<span><\/span><\/a><\/div><\/article><article class=\"gt3_practice_list__item span4 item_21\"><div class=\"gt3_practice_list__image-holder\"><a href=\"https:\/\/southbaysurfschool.pt\/wp\/practice\/events\/\" class=\"gt3_practice_list__image_link\"><img decoding=\"async\"  src=\"https:\/\/southbaysurfschool.pt\/wp\/wp-content\/uploads\/2017\/05\/IMG_1334-780x592.jpg\" alt=\"\" \/><\/a><\/div><div class=\"gt3_practice_list__content\"><h4 class=\"gt3_practice_list__title\">Eventos<\/h4><a href=\"https:\/\/southbaysurfschool.pt\/wp\/practice\/events\/\" class=\"gt3_practice_list__link learn_more\">Learn More<span><\/span><\/a><\/div><\/article><\/div><\/div>[vc_video link=&#8221;https:\/\/youtu.be\/mOVP8pbDJY4&#8243; css=&#8221;.vc_custom_1562020372986{margin-bottom: 40px !important;}&#8221;][vc_column_text css=&#8221;.vc_custom_1562019729701{margin-top: 20px !important;margin-bottom: 20px !important;}&#8221;]\n<h2>A Nossa Equipa<\/h2>\n[\/vc_column_text][gt3_team use_filter=&#8221;&#8221; module_on_dark_bg=&#8221;&#8221; posts_per_line=&#8221;2&#8243; css=&#8221;.vc_custom_1562019766281{margin-top: 20px !important;margin-bottom: 20px !important;}&#8221;][\/vc_column][\/vc_row]\n<\/div>","protected":false},"excerpt":{"rendered":"<p>[vc_row full_width=&#8221;stretch_row&#8221; parallax=&#8221;content-moving&#8221; column_separator_row=&#8221;&#8221; masked_row=&#8221;&#8221; css=&#8221;.vc_custom_1562018417852{margin-top: -120px !important;padding-top: 150px !important;padding-bottom: 150px !important;background: #eaeaea url(https:\/\/southbaysurfschool.pt\/wp\/wp-content\/uploads\/2019\/06\/surfff2.jpg?id=4408);background-position:center;background-repeat:-repeat;background-size:cover;}&#8221;][vc_column][vc_custom_heading text=&#8221;South Bay Surf School&#8221; font_container=&#8221;tag:h1|font_size:60|text_align:left|color:%23ffffff&#8221; use_theme_fonts=&#8221;yes&#8221;][vc_column_text css=&#8221;.vc_custom_1674056122418{margin-top: 85px !important;margin-bottom: 85px !important;}&#8221;] Somos altamente apologistas do lema qualidade acima de quantidade, para uma boa e divertida aprendizagem. Situada na Costa da Caparica, tamb\u00e9m conhecida como margem sul do rio Tejo, ou como [&hellip;]<\/p>\n","protected":false},"author":1,"featured_media":0,"parent":0,"menu_order":0,"comment_status":"closed","ping_status":"closed","template":"full-width.php","meta":{"footnotes":""},"class_list":["post-4413","page","type-page","status-publish","hentry"],"_links":{"self":[{"href":"https:\/\/southbaysurfschool.pt\/wp\/wp-json\/wp\/v2\/pages\/4413","targetHints":{"allow":["GET"]}}],"collection":[{"href":"https:\/\/southbaysurfschool.pt\/wp\/wp-json\/wp\/v2\/pages"}],"about":[{"href":"https:\/\/southbaysurfschool.pt\/wp\/wp-json\/wp\/v2\/types\/page"}],"author":[{"embeddable":true,"href":"https:\/\/southbaysurfschool.pt\/wp\/wp-json\/wp\/v2\/users\/1"}],"replies":[{"embeddable":true,"href":"https:\/\/southbaysurfschool.pt\/wp\/wp-json\/wp\/v2\/comments?post=4413"}],"version-history":[{"count":13,"href":"https:\/\/southbaysurfschool.pt\/wp\/wp-json\/wp\/v2\/pages\/4413\/revisions"}],"predecessor-version":[{"id":4534,"href":"https:\/\/southbaysurfschool.pt\/wp\/wp-json\/wp\/v2\/pages\/4413\/revisions\/4534"}],"wp:attachment":[{"href":"https:\/\/southbaysurfschool.pt\/wp\/wp-json\/wp\/v2\/media?parent=4413"}],"curies":[{"name":"wp","href":"https:\/\/api.w.org\/{rel}","templated":true}]}}